{"id":4,"date":"2016-01-24T19:42:09","date_gmt":"2016-01-24T19:42:09","guid":{"rendered":"http:\/\/www.restaurantechinatown.com.br\/novo\/?page_id=4"},"modified":"2020-12-22T14:15:38","modified_gmt":"2020-12-22T14:15:38","slug":"institucional","status":"publish","type":"page","link":"http:\/\/www.restaurantechinatown.com.br\/site\/institucional\/","title":{"rendered":"Institucional"},"content":{"rendered":"<p>Em 1978, o Chinatown iniciou suas atividades na cidade do Recife. O Grande Restaurante Chinatown, seu nome original, era localizado na Avenida Boa Viagem e foi o primeiro restaurante com culin\u00e1ria tipicamente chinesa da cidade. A arquitetura era aut\u00eantica e os motivos desenhados por um artes\u00e3o chin\u00eas. Em 1987, a primeira loja em shoppings foi aberta no Shopping Center Recife.<\/p>\n<p>Completados 40 anos de sucesso, o Chinatown expandiu para outras cidades, estando presente em v\u00e1rios estados do Nordeste.<\/p>\n<p>Nos restaurantes Chinatown, o cliente pode escolher entre uma refei\u00e7\u00e3o r\u00e1pida em nosso balc\u00e3o self-service, desfrutar do ambiente e atendimento dos nossos sal\u00f5es com o servi\u00e7o \u00e0 la carte ou apreciar as del\u00edcias da culin\u00e1ria chinesa na comodidade de sua casa ou trabalho com nossa entrega em domic\u00edlio.<\/p>\n<p>O card\u00e1pio original contava com pratos tradicionais de diversas regi\u00f5es da China, al\u00e9m de ingredientes ex\u00f3ticos. Aos poucos, o Chinatown adaptou a comida ao gosto dos brasileiros, sem abrir m\u00e3o dos temperos t\u00edpicos e da ess\u00eancia da culin\u00e1ria chinesa. O card\u00e1pio sempre traz novidades, acompanhando as tend\u00eancias da gastronomia moderna.<\/p>\n<p>A qualidade dos pratos \u00e9 garantida atrav\u00e9s do uso de ingredientes selecionados e do cuidado no manuseio e prepara\u00e7\u00e3o dos alimentos por profissionais preparados e experientes.<\/p>\n","protected":false},"excerpt":{"rendered":"<p>Em 1978, o Chinatown iniciou suas atividades na cidade do Recife. O Grande Restaurante Chinatown, seu nome original, era localizado na Avenida Boa Viagem e foi o primeiro restaurante com culin\u00e1ria tipicamente chinesa da cidade. A arquitetura era aut\u00eantica e os motivos desenhados por um artes\u00e3o chin\u00eas. Em 1987, a primeira loja em shoppings foi &hellip; <a href=\"http:\/\/www.restaurantechinatown.com.br\/site\/institucional\/\" class=\"more-link\">Continuar lendo <span class=\"screen-reader-text\">Institucional<\/span><\/a><\/p>\n","protected":false},"author":1,"featured_media":0,"parent":0,"menu_order":0,"comment_status":"closed","ping_status":"closed","template":"","meta":{"footnotes":""},"class_list":["post-4","page","type-page","status-publish","hentry"],"acf":[],"_links":{"self":[{"href":"http:\/\/www.restaurantechinatown.com.br\/site\/wp-json\/wp\/v2\/pages\/4","targetHints":{"allow":["GET"]}}],"collection":[{"href":"http:\/\/www.restaurantechinatown.com.br\/site\/wp-json\/wp\/v2\/pages"}],"about":[{"href":"http:\/\/www.restaurantechinatown.com.br\/site\/wp-json\/wp\/v2\/types\/page"}],"author":[{"embeddable":true,"href":"http:\/\/www.restaurantechinatown.com.br\/site\/wp-json\/wp\/v2\/users\/1"}],"replies":[{"embeddable":true,"href":"http:\/\/www.restaurantechinatown.com.br\/site\/wp-json\/wp\/v2\/comments?post=4"}],"version-history":[{"count":7,"href":"http:\/\/www.restaurantechinatown.com.br\/site\/wp-json\/wp\/v2\/pages\/4\/revisions"}],"predecessor-version":[{"id":618,"href":"http:\/\/www.restaurantechinatown.com.br\/site\/wp-json\/wp\/v2\/pages\/4\/revisions\/618"}],"wp:attachment":[{"href":"http:\/\/www.restaurantechinatown.com.br\/site\/wp-json\/wp\/v2\/media?parent=4"}],"curies":[{"name":"wp","href":"https:\/\/api.w.org\/{rel}","templated":true}]}}