{"id":8,"date":"2016-01-24T19:42:27","date_gmt":"2016-01-24T19:42:27","guid":{"rendered":"http:\/\/www.restaurantechinatown.com.br\/novo\/?page_id=8"},"modified":"2019-01-29T03:53:12","modified_gmt":"2019-01-29T03:53:12","slug":"franquias","status":"publish","type":"page","link":"http:\/\/www.restaurantechinatown.com.br\/site\/franquias\/","title":{"rendered":"Franquias"},"content":{"rendered":"<p>O Chinatown tem como vis\u00e3o vir a ser a melhor opera\u00e7\u00e3o de culin\u00e1ria chinesa no Brasil, portanto, em 1995, iniciou o sistema de franquias, aumentando a sua participa\u00e7\u00e3o no mercado regional.<\/p>\n<p><a href=\"http:\/\/www.bb.com.br\/franquia\" target=\"_blank\"><br \/>\n<img loading=\"lazy\" decoding=\"async\" class=\"alignnone size-full wp-image-401\" src=\"http:\/\/www.restaurantechinatown.com.br\/site\/wp-content\/uploads\/2016\/01\/logo_programa_bb_franquia.gif\" alt=\"logo_programa_bb_franquia\" width=\"230\" height=\"190\" \/><\/a><\/p>\n<h3>Suporte ao Franqueado<\/h3>\n<p>&#8211; Orienta\u00e7\u00e3o e an\u00e1lise do ponto comercial;<br \/>\n&#8211; Estudo de viabilidade e planejamento financeiro;<br \/>\n&#8211; Projeto arquitet\u00f4nico (n\u00e3o incluso na taxa de franquia);<br \/>\n&#8211; Apoio ao franqueado nas an\u00e1lises dos demais projetos (exaust\u00e3o e equipamentos);<br \/>\n&#8211; Manuais de opera\u00e7\u00f5es (financeiro, RH, atendimento e cozinha);<br \/>\n&#8211; Treinamentos profissionais;<br \/>\n&#8211; Orienta\u00e7\u00e3o sobre fornecedores;<br \/>\n&#8211; Acompanhamento do desenvolvimento financeiro (inclui comparativos com as outras unidades franqueadas);<br \/>\n&#8211; Apoio nas a\u00e7\u00f5es de marketing e publicidade, e orienta\u00e7\u00e3o na identidade visual;<br \/>\n&#8211; Supervis\u00e3o peri\u00f3dica.<\/p>\n<h3>Perfil do Candidato<\/h3>\n<p>&#8211; Ter esp\u00edrito de parceria e empreendedorismo;<br \/>\n&#8211; Ter capacidade de lideran\u00e7a;<br \/>\n&#8211; Ter participa\u00e7\u00e3o ativa na gest\u00e3o do neg\u00f3cio;<br \/>\n&#8211; Ser motivado e gostar de trabalhar em equipe e com o p\u00fablico;<br \/>\n&#8211; Ter disponibilidade financeira para a implanta\u00e7\u00e3o do neg\u00f3cio.<\/p>\n<h3>Condi\u00e7\u00f5es Comerciais (Data-base Janeiro\/2019)<\/h3>\n<p>Taxa de franquia: R$ 50.000,00<br \/>\nRoyalties: 5%<br \/>\nFundo de promo\u00e7\u00e3o: 1%<br \/>\nInvestimento previsto (previs\u00e3o para uma loja de 60m\u00b2): entre R$ 450.000,00 e R$ 700.000,00<br \/>\nFaturamento m\u00e9dio: R$ 140.000,00<br \/>\nTempo de retorno previsto: entre 24 e 48 meses<\/p>\n<p>As informa\u00e7\u00f5es acima s\u00e3o baseadas em dados hist\u00f3ricos de opera\u00e7\u00f5es existentes.<\/p>\n<p>Cadastre-se abaixo para saber mais detalhes.<\/p>\n<div role=\"form\" class=\"wpcf7\" id=\"wpcf7-f358-o1\" lang=\"pt-BR\" dir=\"ltr\">\n<div class=\"screen-reader-response\"><p role=\"status\" aria-live=\"polite\" aria-atomic=\"true\"><\/p> <ul><\/ul><\/div>\n<form action=\"\/site\/wp-json\/wp\/v2\/pages\/8#wpcf7-f358-o1\" method=\"post\" class=\"wpcf7-form init\" novalidate=\"novalidate\" data-status=\"init\">\n<div style=\"display: none;\">\n<input type=\"hidden\" name=\"_wpcf7\" value=\"358\" \/>\n<input type=\"hidden\" name=\"_wpcf7_version\" value=\"5.6.2\" \/>\n<input type=\"hidden\" name=\"_wpcf7_locale\" value=\"pt_BR\" \/>\n<input type=\"hidden\" name=\"_wpcf7_unit_tag\" value=\"wpcf7-f358-o1\" \/>\n<input type=\"hidden\" name=\"_wpcf7_container_post\" value=\"0\" \/>\n<input type=\"hidden\" name=\"_wpcf7_posted_data_hash\" value=\"\" \/>\n<\/div>\n<p>Seu nome (obrigat\u00f3rio)<br \/>\n    <span class=\"wpcf7-form-control-wrap\" data-name=\"your-name\"><input type=\"text\" name=\"your-name\" value=\"\" size=\"40\" class=\"wpcf7-form-control wpcf7-text wpcf7-validates-as-required\" aria-required=\"true\" aria-invalid=\"false\" \/><\/span> <\/p>\n<p>Seu e-mail (obrigat\u00f3rio)<br \/>\n    <span class=\"wpcf7-form-control-wrap\" data-name=\"your-email\"><input type=\"email\" name=\"your-email\" value=\"\" size=\"40\" class=\"wpcf7-form-control wpcf7-text wpcf7-email wpcf7-validates-as-required wpcf7-validates-as-email\" aria-required=\"true\" aria-invalid=\"false\" \/><\/span> <\/p>\n<p>Telefone (obrigat\u00f3rio)<br \/>\n<span class=\"wpcf7-form-control-wrap\" data-name=\"Telefone\"><input type=\"tel\" name=\"Telefone\" value=\"\" size=\"40\" class=\"wpcf7-form-control wpcf7-text wpcf7-tel wpcf7-validates-as-required wpcf7-validates-as-tel\" aria-required=\"true\" aria-invalid=\"false\" \/><\/span> <\/p>\n<p>Sua mensagem (obrigat\u00f3rio)<br \/>\n    <span class=\"wpcf7-form-control-wrap\" data-name=\"your-message\"><textarea name=\"your-message\" cols=\"40\" rows=\"10\" class=\"wpcf7-form-control wpcf7-textarea wpcf7-validates-as-required\" aria-required=\"true\" aria-invalid=\"false\"><\/textarea><\/span> <\/p>\n<p><input type=\"submit\" value=\"Enviar\" class=\"wpcf7-form-control has-spinner wpcf7-submit\" \/><\/p>\n<p style=\"display: none !important;\"><label>&#916;<textarea name=\"_wpcf7_ak_hp_textarea\" cols=\"45\" rows=\"8\" maxlength=\"100\"><\/textarea><\/label><input type=\"hidden\" id=\"ak_js_1\" name=\"_wpcf7_ak_js\" value=\"218\"\/><script>document.getElementById( \"ak_js_1\" ).setAttribute( \"value\", ( new Date() ).getTime() );<\/script><\/p><div class=\"wpcf7-response-output\" aria-hidden=\"true\"><\/div><\/form><\/div>\n","protected":false},"excerpt":{"rendered":"<p>O Chinatown tem como vis\u00e3o vir a ser a melhor opera\u00e7\u00e3o de culin\u00e1ria chinesa no Brasil, portanto, em 1995, iniciou o sistema de franquias, aumentando a sua participa\u00e7\u00e3o no mercado regional. Suporte ao Franqueado &#8211; Orienta\u00e7\u00e3o e an\u00e1lise do ponto comercial; &#8211; Estudo de viabilidade e planejamento financeiro; &#8211; Projeto arquitet\u00f4nico (n\u00e3o incluso na taxa &hellip; <a href=\"http:\/\/www.restaurantechinatown.com.br\/site\/franquias\/\" class=\"more-link\">Continuar lendo <span class=\"screen-reader-text\">Franquias<\/span><\/a><\/p>\n","protected":false},"author":1,"featured_media":0,"parent":0,"menu_order":0,"comment_status":"closed","ping_status":"closed","template":"","meta":{"footnotes":""},"class_list":["post-8","page","type-page","status-publish","hentry"],"acf":[],"_links":{"self":[{"href":"http:\/\/www.restaurantechinatown.com.br\/site\/wp-json\/wp\/v2\/pages\/8","targetHints":{"allow":["GET"]}}],"collection":[{"href":"http:\/\/www.restaurantechinatown.com.br\/site\/wp-json\/wp\/v2\/pages"}],"about":[{"href":"http:\/\/www.restaurantechinatown.com.br\/site\/wp-json\/wp\/v2\/types\/page"}],"author":[{"embeddable":true,"href":"http:\/\/www.restaurantechinatown.com.br\/site\/wp-json\/wp\/v2\/users\/1"}],"replies":[{"embeddable":true,"href":"http:\/\/www.restaurantechinatown.com.br\/site\/wp-json\/wp\/v2\/comments?post=8"}],"version-history":[{"count":17,"href":"http:\/\/www.restaurantechinatown.com.br\/site\/wp-json\/wp\/v2\/pages\/8\/revisions"}],"predecessor-version":[{"id":413,"href":"http:\/\/www.restaurantechinatown.com.br\/site\/wp-json\/wp\/v2\/pages\/8\/revisions\/413"}],"wp:attachment":[{"href":"http:\/\/www.restaurantechinatown.com.br\/site\/wp-json\/wp\/v2\/media?parent=8"}],"curies":[{"name":"wp","href":"https:\/\/api.w.org\/{rel}","templated":true}]}}